{"id":763,"date":"2025-09-24T09:15:28","date_gmt":"2025-09-24T07:15:28","guid":{"rendered":"https:\/\/sno.cool\/home\/"},"modified":"2025-11-03T11:01:24","modified_gmt":"2025-11-03T10:01:24","slug":"home","status":"publish","type":"page","link":"https:\/\/sno.cool\/en\/","title":{"rendered":"Home"},"content":{"rendered":"<section class=\"wp-block-slim-sonic-blocks-hero\">\n\t<figure class=\"hero__background\">\n\t\t\t\t\t<img decoding=\"async\" src=\"https:\/\/sno.cool\/wp-content\/uploads\/2025\/07\/sno-chill-banner.png\" class=\"hero__background-desktop\" alt=\"\" aria-hidden=\"true\">\n\t\t\t\t\t\t\t<div class=\"hero__video\">\n\t\t\t\t<iframe src=\"https:\/\/player.vimeo.com\/video\/1113854740?background=1&#038;dnt=1\" frameborder=\"0\" allow=\"autoplay; fullscreen\" allowfullscreen class=\"hero__background-desktop\"><\/iframe>\n\t\t\t<\/div>\n\t\t\t<\/figure>\n\t<div class=\"hero__content\">\n\t\t<div class=\"container\">\n\t\t\t<div class=\"row\">\n\t\t\t\t<div class=\"col-xs-4 col-sm-12\">\n\t\t\t\t\t\n\n<h1 class=\"wp-block-heading has-white-color has-text-color has-link-color has-x-large-font-size wp-elements-f19dde826c85e0a8002c009eb12746bb\">Swiss innovation for intelligent, mobile and environmentally friendly freshness.<\/h1>\n\n\t\t\t\t<\/div>\n\t\t\t<\/div>\n\t\t\t<div class=\"row\">\n\t\t\t\t<div class=\"col-xs-4 col-sm-12\">\n\t\t\t\t\t<button class=\"hero__scroll-button\" aria-hidden=\"true\">\n\t\t\t\t\t\t<i class=\"fa-solid fa-chevron-down\"><\/i>\n\t\t\t\t\t<\/button>\n\t\t\t\t<\/div>\n\t\t\t<\/div>\n\t\t<\/div>\n\t<\/div>\n<\/section>\n<div class=\"wp-block-group has-white-color has-text-color has-background has-link-color wp-elements-62969d3bf0c1e7d0c99a608c904068bf\" style=\"background:linear-gradient(45deg,rgb(56,179,230) 0%,rgb(33,125,217) 100%)\"><div class=\"wp-block-group__inner-container is-layout-constrained wp-block-group-is-layout-constrained\">\n<div class=\"wp-block-slim-sonic-blocks-container container\">\n<div class=\"wp-block-columns are-vertically-aligned-center padding-top-6 padding-bottom-6 is-layout-flex wp-container-core-columns-is-layout-9d6595d7 wp-block-columns-is-layout-flex\">\n<div class=\"wp-block-column is-vertically-aligned-center padding-bottom-0 is-layout-flow wp-block-column-is-layout-flow\" style=\"flex-basis:50%\">\n<h2 class=\"wp-block-heading margin-top-0 has-large-font-size\"><strong>SN\u00d8 \u2013 Comfort without compromise<\/strong><\/h2>\n\n\n\n<p>Whether you are at home, in the office or on the move, <strong>SN\u00d8 devices<\/strong> adapt to your daily life.<br\/>Unlike <strong>traditional air conditioners<\/strong> or simple fans, our <strong>personal cooling<\/strong> solutions consume up to <strong>15 times less energy<\/strong>, while providing a real <strong>feeling of coolness<\/strong> where you need it.<\/p>\n\n\n\n<p>With their <strong>sleek design<\/strong>, <strong>high-quality materials <\/strong>and <strong>sustainable construction<\/strong>, <strong>SN\u00d8 Clim, SN\u00d8 Chill and SN\u00d8 Freeze<\/strong> combine elegance, efficiency and environmental friendliness. Each product is designed to provide <strong>targeted, economical cooling<\/strong> without wasting energy or unnecessarily cooling an entire room. <\/p>\n\n\n\n<p>Discover how <strong>SN\u00d8 transforms the science of cooling into everyday comfort<\/strong>.<br\/>Your personal bubble of freshness, wherever you are, without remorse and without compromise.<\/p>\n\n\n\n<div class=\"wp-block-buttons is-layout-flex wp-block-buttons-is-layout-flex\">\n<div class=\"wp-block-button\"><a class=\"wp-block-button__link has-white-background-color has-text-color has-background has-link-color wp-element-button\" href=\"https:\/\/sno.cool\/en\/innovation-technology\/\" style=\"color:#003459\">Discover the technology<\/a><\/div>\n<\/div>\n<\/div>\n\n\n\n<div class=\"wp-block-column is-vertically-aligned-center is-layout-flow wp-block-column-is-layout-flow\" style=\"flex-basis:50%\">\n<figure class=\"wp-block-image size-large\"><img loading=\"lazy\" decoding=\"async\" width=\"1024\" height=\"1024\" src=\"https:\/\/sno.cool\/wp-content\/uploads\/2025\/09\/SNO-X3-DET-1-0925-1024x1024.png\" alt=\"\" class=\"wp-image-708\" srcset=\"https:\/\/sno.cool\/wp-content\/uploads\/2025\/09\/SNO-X3-DET-1-0925-1024x1024.png 1024w, https:\/\/sno.cool\/wp-content\/uploads\/2025\/09\/SNO-X3-DET-1-0925-300x300.png 300w, https:\/\/sno.cool\/wp-content\/uploads\/2025\/09\/SNO-X3-DET-1-0925-150x150.png 150w, https:\/\/sno.cool\/wp-content\/uploads\/2025\/09\/SNO-X3-DET-1-0925-768x768.png 768w, https:\/\/sno.cool\/wp-content\/uploads\/2025\/09\/SNO-X3-DET-1-0925-1536x1536.png 1536w, https:\/\/sno.cool\/wp-content\/uploads\/2025\/09\/SNO-X3-DET-1-0925-2048x2048.png 2048w, https:\/\/sno.cool\/wp-content\/uploads\/2025\/09\/SNO-X3-DET-1-0925-600x600.png 600w, https:\/\/sno.cool\/wp-content\/uploads\/2025\/09\/SNO-X3-DET-1-0925-100x100.png 100w\" sizes=\"auto, (max-width: 1024px) 100vw, 1024px\" \/><\/figure>\n<\/div>\n<\/div>\n<\/div>\n<\/div><\/div>\n\n<div style=\"height:100px\" aria-hidden=\"true\" class=\"wp-block-spacer\"><\/div>\n\n<div class=\"wp-block-group has-white-background-color has-background\"><div class=\"wp-block-group__inner-container is-layout-constrained wp-block-group-is-layout-constrained\">\n<div class=\"wp-block-slim-sonic-blocks-container container\">\n<div style=\"height:20px\" aria-hidden=\"true\" class=\"wp-block-spacer\"><\/div>\n\n\n\n<h2 class=\"wp-block-heading has-large-font-size\">A range tailored to all needs<\/h2>\n\n\n\n<div class=\"wp-block-columns is-layout-flex wp-container-core-columns-is-layout-9d6595d7 wp-block-columns-is-layout-flex\">\n<div class=\"wp-block-column is-layout-flow wp-block-column-is-layout-flow\">\n<p class=\"has-medium-font-size\">Whether you are seeking <strong>a discreet solution for your moments of relaxation,<\/strong> <strong>targeted refreshment <\/strong>for your workspace, or <strong>portable freshness for your travels<\/strong>, our range has been designed to adapt to <strong>all your needs<\/strong>&#8230;<\/p>\n\n\n\n<p class=\"has-medium-font-size\"><strong>SN\u00d8 Clim<\/strong> is ideal for those who want <strong>personal, economical and portable<\/strong> air conditioning, perfect for home or office use.<\/p>\n<\/div>\n\n\n\n<div class=\"wp-block-column is-layout-flow wp-block-column-is-layout-flow\">\n<p class=\"has-medium-font-size\"><strong>SN\u00d8 Chill<\/strong>, with its sleek design, adds <strong>a touch of elegance<\/strong> while providing immediate, silent cooling. Finally, <strong>SN\u00d8 Freeze<\/strong> is the <strong>ultra-portable <\/strong>solution for maximum cooling, wherever you are. <\/p>\n\n\n\n<p class=\"has-medium-font-size\">At SN\u00d8, we believe that comfort should be <strong>accessible, intelligent and environmentally friendly<\/strong>. Discover the product that <strong>suits your lifestyle<\/strong>&#8230; <\/p>\n<\/div>\n<\/div>\n\n\n\n<div style=\"height:60px\" aria-hidden=\"true\" class=\"wp-block-spacer\"><\/div>\n\n\n\n<div class=\"wp-block-columns is-layout-flex wp-container-core-columns-is-layout-9d6595d7 wp-block-columns-is-layout-flex\">\n<div class=\"wp-block-column is-layout-flow wp-block-column-is-layout-flow\"><div class=\"wp-block-image\">\n<figure class=\"aligncenter size-full is-resized\"><img loading=\"lazy\" decoding=\"async\" width=\"2560\" height=\"2560\" src=\"https:\/\/sno.cool\/wp-content\/uploads\/2025\/07\/SNO-CLIM-FACE-1-0925-scaled.jpg\" alt=\"\" class=\"wp-image-724\" style=\"width:auto;height:280px\" srcset=\"https:\/\/sno.cool\/wp-content\/uploads\/2025\/07\/SNO-CLIM-FACE-1-0925-scaled.jpg 2560w, https:\/\/sno.cool\/wp-content\/uploads\/2025\/07\/SNO-CLIM-FACE-1-0925-300x300.jpg 300w, https:\/\/sno.cool\/wp-content\/uploads\/2025\/07\/SNO-CLIM-FACE-1-0925-1024x1024.jpg 1024w, https:\/\/sno.cool\/wp-content\/uploads\/2025\/07\/SNO-CLIM-FACE-1-0925-150x150.jpg 150w, https:\/\/sno.cool\/wp-content\/uploads\/2025\/07\/SNO-CLIM-FACE-1-0925-768x768.jpg 768w, https:\/\/sno.cool\/wp-content\/uploads\/2025\/07\/SNO-CLIM-FACE-1-0925-1536x1536.jpg 1536w, https:\/\/sno.cool\/wp-content\/uploads\/2025\/07\/SNO-CLIM-FACE-1-0925-2048x2048.jpg 2048w, https:\/\/sno.cool\/wp-content\/uploads\/2025\/07\/SNO-CLIM-FACE-1-0925-600x600.jpg 600w, https:\/\/sno.cool\/wp-content\/uploads\/2025\/07\/SNO-CLIM-FACE-1-0925-100x100.jpg 100w\" sizes=\"auto, (max-width: 2560px) 100vw, 2560px\" \/><\/figure>\n<\/div>\n\n\n<h3 class=\"wp-block-heading has-text-align-center has-large-font-size\">SN\u00d8 Clim<\/h3>\n\n\n\n<p class=\"has-text-align-center has-medium-font-size\">A targeted, patented and highly economical cooling cone \u2013 up to 15 times less energy consumption.<\/p>\n\n\n\n<div class=\"wp-block-buttons is-content-justification-center is-layout-flex wp-container-core-buttons-is-layout-16018d1d wp-block-buttons-is-layout-flex\">\n<div class=\"wp-block-button\"><a class=\"wp-block-button__link wp-element-button\" href=\"https:\/\/sno.cool\/en\/produit\/sno-clim\/\">Discover SN\u00d8 Clim<\/a><\/div>\n<\/div>\n<\/div>\n\n\n\n<div class=\"wp-block-column is-layout-flow wp-block-column-is-layout-flow\"><div class=\"wp-block-image\">\n<figure class=\"aligncenter size-large is-resized\"><img loading=\"lazy\" decoding=\"async\" width=\"998\" height=\"1024\" src=\"https:\/\/sno.cool\/wp-content\/uploads\/2025\/07\/chill-8-998x1024.png\" alt=\"\" class=\"wp-image-345\" style=\"width:auto;height:280px\" srcset=\"https:\/\/sno.cool\/wp-content\/uploads\/2025\/07\/chill-8-998x1024.png 998w, https:\/\/sno.cool\/wp-content\/uploads\/2025\/07\/chill-8-292x300.png 292w, https:\/\/sno.cool\/wp-content\/uploads\/2025\/07\/chill-8-768x788.png 768w, https:\/\/sno.cool\/wp-content\/uploads\/2025\/07\/chill-8-1497x1536.png 1497w, https:\/\/sno.cool\/wp-content\/uploads\/2025\/07\/chill-8-600x616.png 600w, https:\/\/sno.cool\/wp-content\/uploads\/2025\/07\/chill-8.png 1754w\" sizes=\"auto, (max-width: 998px) 100vw, 998px\" \/><\/figure>\n<\/div>\n\n\n<h3 class=\"wp-block-heading has-text-align-center has-large-font-size\">SN\u00d8 Chill<\/h3>\n\n\n\n<p class=\"has-text-align-center has-medium-font-size\">An item that will blend perfectly into your interior thanks to its timeless wooden design.<\/p>\n\n\n\n<div class=\"wp-block-buttons is-content-justification-center is-layout-flex wp-container-core-buttons-is-layout-16018d1d wp-block-buttons-is-layout-flex\">\n<div class=\"wp-block-button\"><a class=\"wp-block-button__link wp-element-button\" href=\"https:\/\/sno.cool\/en\/produit\/sno-chill\/\">Discover SN\u00d8 Chill<\/a><\/div>\n<\/div>\n<\/div>\n\n\n\n<div class=\"wp-block-column is-layout-flow wp-block-column-is-layout-flow\"><div class=\"wp-block-image\">\n<figure class=\"aligncenter size-large is-resized\"><img loading=\"lazy\" decoding=\"async\" width=\"427\" height=\"1024\" src=\"https:\/\/sno.cool\/wp-content\/uploads\/2025\/08\/sno_freeze_face-427x1024.png\" alt=\"\" class=\"wp-image-503\" style=\"width:auto;height:280px\" srcset=\"https:\/\/sno.cool\/wp-content\/uploads\/2025\/08\/sno_freeze_face-427x1024.png 427w, https:\/\/sno.cool\/wp-content\/uploads\/2025\/08\/sno_freeze_face-125x300.png 125w, https:\/\/sno.cool\/wp-content\/uploads\/2025\/08\/sno_freeze_face-768x1840.png 768w, https:\/\/sno.cool\/wp-content\/uploads\/2025\/08\/sno_freeze_face-641x1536.png 641w, https:\/\/sno.cool\/wp-content\/uploads\/2025\/08\/sno_freeze_face-scaled.png 1069w\" sizes=\"auto, (max-width: 427px) 100vw, 427px\" \/><\/figure>\n<\/div>\n\n\n<h3 class=\"wp-block-heading has-text-align-center has-large-font-size\">SN\u00d8 Freeze<\/h3>\n\n\n\n<p class=\"has-text-align-center has-medium-font-size\">Your best ally for keeping cool wherever you are. Ideal for your comfort outdoors. <\/p>\n\n\n\n<div class=\"wp-block-buttons is-content-justification-center is-layout-flex wp-container-core-buttons-is-layout-16018d1d wp-block-buttons-is-layout-flex\">\n<div class=\"wp-block-button\"><a class=\"wp-block-button__link wp-element-button\" href=\"https:\/\/sno.cool\/en\/produit\/sno-freeze\/\">Discover SN\u00d8 Freeze<\/a><\/div>\n<\/div>\n<\/div>\n<\/div>\n\n\n\n<div style=\"height:20px\" aria-hidden=\"true\" class=\"wp-block-spacer\"><\/div>\n<\/div>\n<\/div><\/div>\n\n<div style=\"height:100px\" aria-hidden=\"true\" class=\"wp-block-spacer\"><\/div>\n\n<div class=\"wp-block-group has-white-color has-text-color has-background has-link-color wp-elements-972822c4b6ede469ee09279d24f1ace0\" style=\"background:linear-gradient(135deg,rgb(56,179,230) 0%,rgb(33,125,217) 100%)\"><div class=\"wp-block-group__inner-container is-layout-constrained wp-block-group-is-layout-constrained\">\n<div style=\"height:60px\" aria-hidden=\"true\" class=\"wp-block-spacer\"><\/div>\n\n\n\n<div class=\"wp-block-slim-sonic-blocks-container container\">\n<h2 class=\"wp-block-heading has-text-align-center has-large-font-size\">SN\u00d8 is much more than just cold<\/h2>\n\n\n\n<p class=\"has-text-align-center has-medium-font-size\">At SN\u00d8, we don&#8217;t just sell products that keep you cool. We offer a new way of thinking about comfort: a perfect combination of personal well-being and environmental responsibility. Our innovative solutions, born of science and designed to last, prove that progress can go hand in hand with <strong>respect for the planet<\/strong>.  <\/p>\n\n\n\n<div class=\"wp-block-columns is-layout-flex wp-container-core-columns-is-layout-9d6595d7 wp-block-columns-is-layout-flex\">\n<div class=\"wp-block-column is-layout-flow wp-block-column-is-layout-flow\">\n<figure class=\"wp-block-image size-full is-style-rounded\"><img loading=\"lazy\" decoding=\"async\" width=\"640\" height=\"640\" src=\"https:\/\/sno.cool\/wp-content\/uploads\/2025\/08\/energie-renouvelable.gif\" alt=\"\" class=\"wp-image-134\"\/><\/figure>\n\n\n\n<h3 class=\"wp-block-heading has-text-align-center\">Low energy consumption<\/h3>\n<\/div>\n\n\n\n<div class=\"wp-block-column is-layout-flow wp-block-column-is-layout-flow\">\n<figure class=\"wp-block-image size-full is-style-rounded\"><img loading=\"lazy\" decoding=\"async\" width=\"640\" height=\"640\" src=\"https:\/\/sno.cool\/wp-content\/uploads\/2025\/08\/bonne-journee-artistique.gif\" alt=\"\" class=\"wp-image-140\"\/><\/figure>\n\n\n\n<h3 class=\"wp-block-heading has-text-align-center\"><strong>Natural and refined design<\/strong><\/h3>\n<\/div>\n\n\n\n<div class=\"wp-block-column is-layout-flow wp-block-column-is-layout-flow\">\n<figure class=\"wp-block-image size-full is-style-rounded\"><img loading=\"lazy\" decoding=\"async\" width=\"640\" height=\"640\" src=\"https:\/\/sno.cool\/wp-content\/uploads\/2025\/08\/surdite.gif\" alt=\"\" class=\"wp-image-138\"\/><\/figure>\n\n\n\n<h3 class=\"wp-block-heading has-text-align-center\"><strong>Silent<\/strong><\/h3>\n<\/div>\n\n\n\n<div class=\"wp-block-column is-layout-flow wp-block-column-is-layout-flow\">\n<figure class=\"wp-block-image size-full is-style-rounded\"><img loading=\"lazy\" decoding=\"async\" width=\"640\" height=\"640\" src=\"https:\/\/sno.cool\/wp-content\/uploads\/2025\/08\/du-froid.gif\" alt=\"\" class=\"wp-image-136\"\/><\/figure>\n\n\n\n<h3 class=\"wp-block-heading has-text-align-center\"><strong>Actual cooling capacity<\/strong><\/h3>\n<\/div>\n\n\n\n<div class=\"wp-block-column is-layout-flow wp-block-column-is-layout-flow\">\n<figure class=\"wp-block-image size-full is-style-rounded\"><img loading=\"lazy\" decoding=\"async\" width=\"640\" height=\"640\" src=\"https:\/\/sno.cool\/wp-content\/uploads\/2025\/08\/qualite-superieure.gif\" alt=\"\" class=\"wp-image-142\"\/><\/figure>\n\n\n\n<h3 class=\"wp-block-heading has-text-align-center\"><strong>2-year warranty \u2013 Swiss manufacture<\/strong><\/h3>\n<\/div>\n<\/div>\n\n\n\n<div class=\"wp-block-buttons is-content-justification-center is-layout-flex wp-container-core-buttons-is-layout-16018d1d wp-block-buttons-is-layout-flex\">\n<div class=\"wp-block-button\"><a class=\"wp-block-button__link has-white-background-color has-text-color has-background has-link-color wp-element-button\" href=\"https:\/\/sno.cool\/en\/learn-more\/\" style=\"color:#00a8e8\">Learn more about SN\u00d8<\/a><\/div>\n<\/div>\n<\/div>\n\n\n\n<div style=\"height:60px\" aria-hidden=\"true\" class=\"wp-block-spacer\"><\/div>\n<\/div><\/div>\n\n<div style=\"height:100px\" aria-hidden=\"true\" class=\"wp-block-spacer\"><\/div>\n\n<div class=\"wp-block-slim-sonic-blocks-container container\">\n<h2 class=\"wp-block-heading has-large-font-size\">SN\u00d8, they tried it and approved it<\/h2>\n\n\n<div class=\"wp-block-slim-sonic-blocks-testimonial-slider\">\n\t<div class=\"testimonial-slider__header margin-bottom-4\">\n\t\t<div>\n\t\t\t\t\t\t\t\t<\/div>\n\t\t<div class=\"glide__arrows\" data-glide-el=\"controls\">\n\t\t\t<button class=\"glide__arrow glide__arrow--left\" data-glide-dir=\"<\">\n\t\t\t\t<i class=\"fa-sharp fa-regular fa-chevron-left\"><\/i>\n\t\t\t<\/button>\n\t\t\t<button class=\"glide__arrow glide__arrow--right\" data-glide-dir=\"&gt;\">\n\t\t\t\t<i class=\"fa-sharp fa-regular fa-chevron-right\"><\/i>\n\t\t\t<\/button>\n\t\t<\/div>\n\t<\/div>\n\t<div class=\"glide__track\" data-glide-el=\"track\">\n\t\t<ul class=\"glide__slides\">\n\t\t\t\t\t\t\t<li class=\"glide__slide\">\n\t\t\t\t\t        <article class=\"testimonial-item\">\n                    <a href=\"https:\/\/sno.cool\/en\/testimonial\/julia-haute-savoie\/\" class=\"testimonial-item--content testimonial-item--content-image\">\n            <figure class=\"testimonial-item--content-image-figure\">\n                <img decoding=\"async\" class=\"testimonial-item--content-image-figure-img\" src=\"https:\/\/sno.cool\/wp-content\/uploads\/2025\/08\/IMG_9157-scaled.jpg\" alt=\"Julia, 35 ans\" \/>\n            <\/figure>\n            <h4 class=\"testimonial-item--content-image-title\">Julia, 35 ans<\/h4>\n                            <p class=\"testimonial-item--content-image-sub-title\">Haute-Savoie<\/p>\n                    <\/a>\n        <\/article>\n    \t\t\t\t<\/li>\n\t\t\t\t\t\t\t<li class=\"glide__slide\">\n\t\t\t\t\t        <article class=\"testimonial-item\">\n                    <a href=\"https:\/\/sno.cool\/en\/testimonial\/jean-charles-58-ans\/\" class=\"testimonial-item--content testimonial-item--content-default\">\n            <p class=\"testimonial-item--content-default-excerpt\">[&#8230;] J\u2019utilise SN\u00d8 Clim au bureau depuis 3 mois, c\u2019est un vrai changement !<\/p>\n            <div class=\"testimonial-item--content-default-bottom\">\n                <h4 class=\"testimonial-item--content-default-title\">Jean-Charles, 58 ans<\/h4>\n                                    <p class=\"testimonial-item--content-default-sub-title\">Fribourg, Suisse<\/p>\n                            <\/div>\n        <\/a>\n            <\/article>\n    \t\t\t\t<\/li>\n\t\t\t\t\t\t\t<li class=\"glide__slide\">\n\t\t\t\t\t        <article class=\"testimonial-item\">\n                    <a href=\"https:\/\/sno.cool\/en\/testimonial\/154\/\" class=\"testimonial-item--content testimonial-item--content-image\">\n            <figure class=\"testimonial-item--content-image-figure\">\n                <img decoding=\"async\" class=\"testimonial-item--content-image-figure-img\" src=\"https:\/\/sno.cool\/wp-content\/uploads\/2025\/07\/IMG_0526-final-Grande.png\" alt=\"Anthony, 39 ans\" \/>\n            <\/figure>\n            <h4 class=\"testimonial-item--content-image-title\">Anthony, 39 ans<\/h4>\n                    <\/a>\n        <\/article>\n    \t\t\t\t<\/li>\n\t\t\t\t\t\t\t<li class=\"glide__slide\">\n\t\t\t\t\t        <article class=\"testimonial-item\">\n                    <a href=\"https:\/\/sno.cool\/en\/testimonial\/veronique-59\/\" class=\"testimonial-item--content testimonial-item--content-default\">\n            <p class=\"testimonial-item--content-default-excerpt\">[&#8230;] J&#8217;ai adopt\u00e9 un SN\u00d8 Freeze et abandonn\u00e9 mon \u00e9ventail&#8230; Super pratique, se glisse facilement dans mon sac et vraiment efficace\u202f!<\/p>\n            <div class=\"testimonial-item--content-default-bottom\">\n                <h4 class=\"testimonial-item--content-default-title\">V\u00e9ronique, 59 ans<\/h4>\n                                    <p class=\"testimonial-item--content-default-sub-title\">Toulon, Var<\/p>\n                            <\/div>\n        <\/a>\n            <\/article>\n    \t\t\t\t<\/li>\n\t\t\t\t\t\t\t<li class=\"glide__slide\">\n\t\t\t\t\t        <article class=\"testimonial-item\">\n                    <a href=\"https:\/\/sno.cool\/en\/testimonial\/enrico-55-ans\/\" class=\"testimonial-item--content testimonial-item--content-default\">\n            <p class=\"testimonial-item--content-default-excerpt\">[&#8230;] SN\u00d8 Chill est aussi beau qu\u2019efficace, un vrai petit bijou !<\/p>\n            <div class=\"testimonial-item--content-default-bottom\">\n                <h4 class=\"testimonial-item--content-default-title\">Enrico, 55 ans<\/h4>\n                            <\/div>\n        <\/a>\n            <\/article>\n    \t\t\t\t<\/li>\n\t\t\t\t\t\t\t<li class=\"glide__slide\">\n\t\t\t\t\t        <article class=\"testimonial-item\">\n                    <a href=\"https:\/\/sno.cool\/en\/testimonial\/laetitia-geneve\/\" class=\"testimonial-item--content testimonial-item--content-image\">\n            <figure class=\"testimonial-item--content-image-figure\">\n                <img decoding=\"async\" class=\"testimonial-item--content-image-figure-img\" src=\"https:\/\/sno.cool\/wp-content\/uploads\/2025\/08\/IMG_3902-scaled.jpg\" alt=\"La\u00ebtitia, 49 ans\" \/>\n            <\/figure>\n            <h4 class=\"testimonial-item--content-image-title\">La\u00ebtitia, 49 ans<\/h4>\n                            <p class=\"testimonial-item--content-image-sub-title\">Gen\u00e8ve<\/p>\n                    <\/a>\n        <\/article>\n    \t\t\t\t<\/li>\n\t\t\t\t\t<\/ul>\n\t<\/div>\n\t<div class=\"glide__bullets testimonial-slider__bullets margin-top-2\" data-glide-el=\"controls[nav]\">\n\t\t\t\t\t<button class=\"glide__bullet testimonial-slider__bullet\" data-glide-dir=\"=0\" aria-label=\"1 of 6\">\n\t\t\t<\/button>\n\t\t\t\t\t<button class=\"glide__bullet testimonial-slider__bullet\" data-glide-dir=\"=1\" aria-label=\"2 of 6\">\n\t\t\t<\/button>\n\t\t\t\t\t<button class=\"glide__bullet testimonial-slider__bullet\" data-glide-dir=\"=2\" aria-label=\"3 of 6\">\n\t\t\t<\/button>\n\t\t\t\t\t<button class=\"glide__bullet testimonial-slider__bullet\" data-glide-dir=\"=3\" aria-label=\"4 of 6\">\n\t\t\t<\/button>\n\t\t\t\t\t<button class=\"glide__bullet testimonial-slider__bullet\" data-glide-dir=\"=4\" aria-label=\"5 of 6\">\n\t\t\t<\/button>\n\t\t\t\t\t<button class=\"glide__bullet testimonial-slider__bullet\" data-glide-dir=\"=5\" aria-label=\"6 of 6\">\n\t\t\t<\/button>\n\t\t\t<\/div><\/div>\n\n<div style=\"height:100px\" aria-hidden=\"true\" class=\"wp-block-spacer\"><\/div>\n\n<div class=\"wp-block-slim-sonic-blocks-container container\">\n<h2 class=\"wp-block-heading has-large-font-size\">Follow SN\u00d8 on Instagram<\/h2>\n\n\n\n<figure class=\"wp-block-gallery has-nested-images columns-4 is-cropped wp-block-gallery-1 is-layout-flex wp-block-gallery-is-layout-flex\">\n<figure class=\"wp-block-image size-large\"><img loading=\"lazy\" decoding=\"async\" width=\"1024\" height=\"576\" data-id=\"16\" src=\"https:\/\/sno.cool\/wp-content\/uploads\/2025\/07\/sno-chill-banner-1024x576.png\" alt=\"\" class=\"wp-image-16\" srcset=\"https:\/\/sno.cool\/wp-content\/uploads\/2025\/07\/sno-chill-banner-1024x576.png 1024w, https:\/\/sno.cool\/wp-content\/uploads\/2025\/07\/sno-chill-banner-300x169.png 300w, https:\/\/sno.cool\/wp-content\/uploads\/2025\/07\/sno-chill-banner-768x432.png 768w, https:\/\/sno.cool\/wp-content\/uploads\/2025\/07\/sno-chill-banner-1536x864.png 1536w, https:\/\/sno.cool\/wp-content\/uploads\/2025\/07\/sno-chill-banner-2048x1152.png 2048w, https:\/\/sno.cool\/wp-content\/uploads\/2025\/07\/sno-chill-banner-600x337.png 600w\" sizes=\"auto, (max-width: 1024px) 100vw, 1024px\" \/><\/figure>\n\n\n\n<figure class=\"wp-block-image size-large\"><img loading=\"lazy\" decoding=\"async\" width=\"1024\" height=\"683\" data-id=\"18\" src=\"https:\/\/sno.cool\/wp-content\/uploads\/2025\/07\/exterieur-1024x683.png\" alt=\"\" class=\"wp-image-18\" srcset=\"https:\/\/sno.cool\/wp-content\/uploads\/2025\/07\/exterieur-1024x683.png 1024w, https:\/\/sno.cool\/wp-content\/uploads\/2025\/07\/exterieur-300x200.png 300w, https:\/\/sno.cool\/wp-content\/uploads\/2025\/07\/exterieur-768x512.png 768w, https:\/\/sno.cool\/wp-content\/uploads\/2025\/07\/exterieur-600x400.png 600w, https:\/\/sno.cool\/wp-content\/uploads\/2025\/07\/exterieur.png 1280w\" sizes=\"auto, (max-width: 1024px) 100vw, 1024px\" \/><\/figure>\n\n\n\n<figure class=\"wp-block-image size-large\"><img loading=\"lazy\" decoding=\"async\" width=\"1000\" height=\"1000\" data-id=\"26\" src=\"https:\/\/sno.cool\/wp-content\/uploads\/2025\/07\/salon.jpg\" alt=\"\" class=\"wp-image-26\" srcset=\"https:\/\/sno.cool\/wp-content\/uploads\/2025\/07\/salon.jpg 1000w, https:\/\/sno.cool\/wp-content\/uploads\/2025\/07\/salon-300x300.jpg 300w, https:\/\/sno.cool\/wp-content\/uploads\/2025\/07\/salon-150x150.jpg 150w, https:\/\/sno.cool\/wp-content\/uploads\/2025\/07\/salon-768x768.jpg 768w, https:\/\/sno.cool\/wp-content\/uploads\/2025\/07\/salon-600x600.jpg 600w, https:\/\/sno.cool\/wp-content\/uploads\/2025\/07\/salon-100x100.jpg 100w\" sizes=\"auto, (max-width: 1000px) 100vw, 1000px\" \/><\/figure>\n\n\n\n<figure class=\"wp-block-image size-large\"><img loading=\"lazy\" decoding=\"async\" width=\"1000\" height=\"1000\" data-id=\"28\" src=\"https:\/\/sno.cool\/wp-content\/uploads\/2025\/07\/sno-produit-regulation-temperature-froid-chaud.jpg\" alt=\"\" class=\"wp-image-28\" srcset=\"https:\/\/sno.cool\/wp-content\/uploads\/2025\/07\/sno-produit-regulation-temperature-froid-chaud.jpg 1000w, https:\/\/sno.cool\/wp-content\/uploads\/2025\/07\/sno-produit-regulation-temperature-froid-chaud-300x300.jpg 300w, https:\/\/sno.cool\/wp-content\/uploads\/2025\/07\/sno-produit-regulation-temperature-froid-chaud-150x150.jpg 150w, https:\/\/sno.cool\/wp-content\/uploads\/2025\/07\/sno-produit-regulation-temperature-froid-chaud-768x768.jpg 768w, https:\/\/sno.cool\/wp-content\/uploads\/2025\/07\/sno-produit-regulation-temperature-froid-chaud-600x600.jpg 600w, https:\/\/sno.cool\/wp-content\/uploads\/2025\/07\/sno-produit-regulation-temperature-froid-chaud-100x100.jpg 100w\" sizes=\"auto, (max-width: 1000px) 100vw, 1000px\" \/><\/figure>\n<\/figure>\n<\/div>\n\n<div style=\"height:100px\" aria-hidden=\"true\" class=\"wp-block-spacer\"><\/div>\n","protected":false},"excerpt":{"rendered":"","protected":false},"author":1,"featured_media":0,"parent":0,"menu_order":0,"comment_status":"closed","ping_status":"closed","template":"templates\/pageBlank.php","meta":{"footnotes":""},"class_list":["post-763","page","type-page","status-publish","hentry"],"_links":{"self":[{"href":"https:\/\/sno.cool\/en\/wp-json\/wp\/v2\/pages\/763","targetHints":{"allow":["GET"]}}],"collection":[{"href":"https:\/\/sno.cool\/en\/wp-json\/wp\/v2\/pages"}],"about":[{"href":"https:\/\/sno.cool\/en\/wp-json\/wp\/v2\/types\/page"}],"author":[{"embeddable":true,"href":"https:\/\/sno.cool\/en\/wp-json\/wp\/v2\/users\/1"}],"replies":[{"embeddable":true,"href":"https:\/\/sno.cool\/en\/wp-json\/wp\/v2\/comments?post=763"}],"version-history":[{"count":6,"href":"https:\/\/sno.cool\/en\/wp-json\/wp\/v2\/pages\/763\/revisions"}],"predecessor-version":[{"id":864,"href":"https:\/\/sno.cool\/en\/wp-json\/wp\/v2\/pages\/763\/revisions\/864"}],"wp:attachment":[{"href":"https:\/\/sno.cool\/en\/wp-json\/wp\/v2\/media?parent=763"}],"curies":[{"name":"wp","href":"https:\/\/api.w.org\/{rel}","templated":true}]}}